{"id":935,"date":"2025-05-06T09:26:35","date_gmt":"2025-05-06T09:26:35","guid":{"rendered":"https:\/\/ecoliteracy.zerdawebsolutions.ie\/?page_id=935"},"modified":"2025-11-28T17:14:37","modified_gmt":"2025-11-28T17:14:37","slug":"news","status":"publish","type":"page","link":"https:\/\/ecoliteracy.zerdawebsolutions.ie\/hu\/news\/","title":{"rendered":"News"},"content":{"rendered":"<style type=\"text\/css\" data-created_by=\"avia_inline_auto\" id=\"style-css-av-19u6l3-7c0dda0171e95e56476c5c69bcaac276\">\n.avia-section.av-19u6l3-7c0dda0171e95e56476c5c69bcaac276{\nbackground-color:#ffffff;\nbackground-image:unset;\n}\n<\/style>\n<div id='av_section_1'  class='avia-section av-19u6l3-7c0dda0171e95e56476c5c69bcaac276 main_color avia-section-default avia-no-border-styling  avia-builder-el-0  el_before_av_textblock  avia-builder-el-first  avia-bg-style-scroll container_wrap fullsize'  ><div class='container av-section-cont-open' ><main  role=\"main\" itemprop=\"mainContentOfPage\"  class='template-page content  av-content-full alpha units'><div class='post-entry post-entry-type-page post-entry-935'><div class='entry-content-wrapper clearfix'>\n<div class='flex_column_table av-10f973-d459de4da28256aaa7673ae1270ba876 sc-av_two_third av-equal-height-column-flextable'>\n<style type=\"text\/css\" data-created_by=\"avia_inline_auto\" id=\"style-css-av-10f973-d459de4da28256aaa7673ae1270ba876\">\n.flex_column.av-10f973-d459de4da28256aaa7673ae1270ba876{\npadding:40px 30px 0px 50px;\nbackground-color:#ebebeb;\n}\n<\/style>\n<div  class='flex_column av-10f973-d459de4da28256aaa7673ae1270ba876 av_two_third  avia-builder-el-1  el_before_av_one_third  avia-builder-el-first  first flex_column_table_cell av-equal-height-column av-align-top'     ><style type=\"text\/css\" data-created_by=\"avia_inline_auto\" id=\"style-css-av-mawusha6-f2c03dfd7557ad177819cef0e130ab8d\">\n#top .av-special-heading.av-mawusha6-f2c03dfd7557ad177819cef0e130ab8d{\npadding-bottom:0;\ncolor:#0d4b56;\n}\nbody .av-special-heading.av-mawusha6-f2c03dfd7557ad177819cef0e130ab8d .av-special-heading-tag .heading-char{\nfont-size:25px;\n}\n.av-special-heading.av-mawusha6-f2c03dfd7557ad177819cef0e130ab8d .special-heading-inner-border{\nborder-color:#0d4b56;\n}\n.av-special-heading.av-mawusha6-f2c03dfd7557ad177819cef0e130ab8d .av-subheading{\nfont-size:15px;\n}\n<\/style>\n<div  class='av-special-heading av-mawusha6-f2c03dfd7557ad177819cef0e130ab8d av-special-heading-h3 custom-color-heading blockquote modern-quote  avia-builder-el-2  avia-builder-el-no-sibling  learning-activities-header'><h3 class='av-special-heading-tag'  itemprop=\"headline\"  >NEWS<\/h3><div class=\"special-heading-border\"><div class=\"special-heading-inner-border\"><\/div><\/div><\/div><\/div><div class='av-flex-placeholder'><\/div><div  class='flex_column av-vsnif-f77cfa4fb94bc75752364ca795f8579c av_one_third  avia-builder-el-3  el_after_av_two_third  el_before_av_one_half  flex_column_table_cell av-equal-height-column av-align-top'     ><\/div><\/div><!--close column table wrapper. Autoclose: 1 --><div class='av-column-wrapper-individual av-break-at-tablet-flexwrapper av-mobile-columns-flex av-columns-reverse'>\n<style type=\"text\/css\" data-created_by=\"avia_inline_auto\" id=\"style-css-av-qd4xj-cf93098f8597333dd739c78c2385643c\">\n#top .flex_column.av-qd4xj-cf93098f8597333dd739c78c2385643c{\nmargin-top:0px;\nmargin-bottom:0px;\n}\n.flex_column.av-qd4xj-cf93098f8597333dd739c78c2385643c{\npadding:20px 40px 20px 50px;\nbackground-color:#ebebeb;\n}\n.responsive #top #wrap_all .flex_column.av-qd4xj-cf93098f8597333dd739c78c2385643c{\nmargin-top:0px;\nmargin-bottom:0px;\n}\n<\/style>\n<div  class='flex_column av-qd4xj-cf93098f8597333dd739c78c2385643c av_one_half  avia-builder-el-4  el_after_av_one_third  el_before_av_one_half  first no_margin av-break-at-tablet flex_column_div  column-top-margin'     ><section  class='av_textblock_section av-26w87-3b3bb7610cd11b10872b41020cc71c5c'   itemscope=\"itemscope\" itemtype=\"https:\/\/schema.org\/CreativeWork\" ><div class='avia_textblock'  itemprop=\"text\" ><p style=\"font-weight: 500;\">Stay up to date with the latest news, events, and developments from The Ecoliteracy Hub. Here, you\u2019ll also find inspiring stories about ecoliteracy initiatives and progress from around the world. Explore our outreach and dissemination activities as we work to promote sustainable thinking and learning.<\/p>\n<\/div><\/section><\/div>\n<style type=\"text\/css\" data-created_by=\"avia_inline_auto\" id=\"style-css-av-df9br-789e736cd73d685427cbc5d01c735255\">\n#top .flex_column.av-df9br-789e736cd73d685427cbc5d01c735255{\nmargin-top:0px;\nmargin-bottom:0px;\n}\n.flex_column.av-df9br-789e736cd73d685427cbc5d01c735255{\npadding:0 0 0 0px;\n}\n.responsive #top #wrap_all .flex_column.av-df9br-789e736cd73d685427cbc5d01c735255{\nmargin-top:0px;\nmargin-bottom:0px;\n}\n<\/style>\n<div  class='flex_column av-df9br-789e736cd73d685427cbc5d01c735255 av_one_half  avia-builder-el-6  el_after_av_one_half  avia-builder-el-last  no_margin av-break-at-tablet flex_column_div  column-top-margin'     ><style type=\"text\/css\" data-created_by=\"avia_inline_auto\" id=\"style-css-av-bjsbb-16b63529474f3c3d4bd43210a1529cde\">\n.avia-image-container.av-bjsbb-16b63529474f3c3d4bd43210a1529cde img.avia_image{\nbox-shadow:none;\n}\n.avia-image-container.av-bjsbb-16b63529474f3c3d4bd43210a1529cde .av-image-caption-overlay-center{\ncolor:#ffffff;\n}\n<\/style>\n<div  class='avia-image-container av-bjsbb-16b63529474f3c3d4bd43210a1529cde av-styling- avia-align-center  avia-builder-el-7  avia-builder-el-no-sibling'   itemprop=\"image\" itemscope=\"itemscope\" itemtype=\"https:\/\/schema.org\/ImageObject\" ><div class=\"avia-image-container-inner\"><div class=\"avia-image-overlay-wrap\"><img decoding=\"async\" fetchpriority=\"high\" class='wp-image-2528 avia-img-lazy-loading-not-2528 avia_image' src=\"https:\/\/ecoliteracy.zerdawebsolutions.ie\/wp-content\/uploads\/news-1.jpg\" alt='' title='news'  height=\"527\" width=\"890\"  itemprop=\"thumbnailUrl\" srcset=\"https:\/\/ecoliteracy.zerdawebsolutions.ie\/wp-content\/uploads\/news-1.jpg 890w, https:\/\/ecoliteracy.zerdawebsolutions.ie\/wp-content\/uploads\/news-1-300x178.jpg 300w, https:\/\/ecoliteracy.zerdawebsolutions.ie\/wp-content\/uploads\/news-1-768x455.jpg 768w, https:\/\/ecoliteracy.zerdawebsolutions.ie\/wp-content\/uploads\/news-1-705x417.jpg 705w\" sizes=\"(max-width: 890px) 100vw, 890px\" \/><\/div><\/div><\/div><\/div><\/div><!--close flex column wrapper. Autoclose: 1 -->\n<\/div><\/div><\/main><!-- close content main element --><\/div><\/div><div id='after_section_1'  class='main_color av_default_container_wrap container_wrap fullsize'  ><div class='container av-section-cont-open' ><div class='template-page content  av-content-full alpha units'><div class='post-entry post-entry-type-page post-entry-935'><div class='entry-content-wrapper clearfix'>\n<section  class='av_textblock_section av-mij1jgg0-351ade78f4127b7eb8d0ac51783decf0'   itemscope=\"itemscope\" itemtype=\"https:\/\/schema.org\/CreativeWork\" ><div class='avia_textblock'  itemprop=\"text\" >    <div class=\"custom-blog-box\">\n            <div class=\"blog-post-entry\">\n            <div class=\"blog-post-image\">\n                <img decoding=\"async\" loading=\"lazy\" width=\"768\" height=\"521\" src=\"https:\/\/ecoliteracy.zerdawebsolutions.ie\/wp-content\/uploads\/l-a-news-3-1-768x521.jpg\" class=\"wp-image-3633 avia-img-lazy-loading-3633 attachment-medium_large size-medium_large wp-post-image\" alt=\"\" srcset=\"https:\/\/ecoliteracy.zerdawebsolutions.ie\/wp-content\/uploads\/l-a-news-3-1-768x521.jpg 768w, https:\/\/ecoliteracy.zerdawebsolutions.ie\/wp-content\/uploads\/l-a-news-3-1-300x203.jpg 300w, https:\/\/ecoliteracy.zerdawebsolutions.ie\/wp-content\/uploads\/l-a-news-3-1-18x12.jpg 18w, https:\/\/ecoliteracy.zerdawebsolutions.ie\/wp-content\/uploads\/l-a-news-3-1-705x478.jpg 705w, https:\/\/ecoliteracy.zerdawebsolutions.ie\/wp-content\/uploads\/l-a-news-3-1.jpg 1000w\" sizes=\"auto, (max-width: 768px) 100vw, 768px\" \/>            <\/div>\n            <div class=\"blog-post-content\">\n                <h2 class=\"blog-post-title\">\n                    <a href=\"https:\/\/ecoliteracy.zerdawebsolutions.ie\/hu\/strengthening-eco-competences-through-hands-on-learning\/\">Strengthening Eco-Competences Through Hands-On Learning<\/a>\n                <\/h2>\n                <div class=\"blog-post-excerpt\"><p>Discover our practical collection of eco-competence\u2013based learning activities,from quick energizers to longer, 45+ minute sessions. Easy to search and enriched with educator tips, these tools support teachers and trainers in designing inspiring, ecoliteracy-focused learning processes.<\/p>\n<\/div>\n                <a href=\"https:\/\/ecoliteracy.zerdawebsolutions.ie\/hu\/strengthening-eco-competences-through-hands-on-learning\/\" class=\"blog-post-readmore\">Read More<\/a>\n            <\/div>\n        <\/div>\n                <div class=\"blog-post-entry\">\n            <div class=\"blog-post-image\">\n                <img decoding=\"async\" loading=\"lazy\" width=\"768\" height=\"576\" src=\"https:\/\/ecoliteracy.zerdawebsolutions.ie\/wp-content\/uploads\/pool-news-1-1-768x576.jpg\" class=\"wp-image-3624 avia-img-lazy-loading-3624 attachment-medium_large size-medium_large wp-post-image\" alt=\"\" srcset=\"https:\/\/ecoliteracy.zerdawebsolutions.ie\/wp-content\/uploads\/pool-news-1-1-768x576.jpg 768w, https:\/\/ecoliteracy.zerdawebsolutions.ie\/wp-content\/uploads\/pool-news-1-1-300x225.jpg 300w, https:\/\/ecoliteracy.zerdawebsolutions.ie\/wp-content\/uploads\/pool-news-1-1-16x12.jpg 16w, https:\/\/ecoliteracy.zerdawebsolutions.ie\/wp-content\/uploads\/pool-news-1-1-705x529.jpg 705w, https:\/\/ecoliteracy.zerdawebsolutions.ie\/wp-content\/uploads\/pool-news-1-1.jpg 1000w\" sizes=\"auto, (max-width: 768px) 100vw, 768px\" \/>            <\/div>\n            <div class=\"blog-post-content\">\n                <h2 class=\"blog-post-title\">\n                    <a href=\"https:\/\/ecoliteracy.zerdawebsolutions.ie\/hu\/growing-a-europe-wide-community-of-eco-trainers\/\">Growing a Europe-Wide Community of Eco-Trainers<\/a>\n                <\/h2>\n                <div class=\"blog-post-excerpt\"><p>Meet the vision behind our Pool of Eco-Trainers, a Europe-wide community with diverse experiences in ecological education. Through long-term trainings and collaboration, we\u2019re building a network of professionals dedicated to strengthening eco-competences and sustainability learning.<\/p>\n<\/div>\n                <a href=\"https:\/\/ecoliteracy.zerdawebsolutions.ie\/hu\/growing-a-europe-wide-community-of-eco-trainers\/\" class=\"blog-post-readmore\">Read More<\/a>\n            <\/div>\n        <\/div>\n                <div class=\"blog-post-entry\">\n            <div class=\"blog-post-image\">\n                <img decoding=\"async\" loading=\"lazy\" width=\"768\" height=\"575\" src=\"https:\/\/ecoliteracy.zerdawebsolutions.ie\/wp-content\/uploads\/b6b1042f-c703-4da4-b314-e0cb0fe77240-high-768x575.jpg\" class=\"wp-image-3370 avia-img-lazy-loading-3370 attachment-medium_large size-medium_large wp-post-image\" alt=\"\" srcset=\"https:\/\/ecoliteracy.zerdawebsolutions.ie\/wp-content\/uploads\/b6b1042f-c703-4da4-b314-e0cb0fe77240-high-768x575.jpg 768w, https:\/\/ecoliteracy.zerdawebsolutions.ie\/wp-content\/uploads\/b6b1042f-c703-4da4-b314-e0cb0fe77240-high-300x225.jpg 300w, https:\/\/ecoliteracy.zerdawebsolutions.ie\/wp-content\/uploads\/b6b1042f-c703-4da4-b314-e0cb0fe77240-high-1030x772.jpg 1030w, https:\/\/ecoliteracy.zerdawebsolutions.ie\/wp-content\/uploads\/b6b1042f-c703-4da4-b314-e0cb0fe77240-high-705x528.jpg 705w, https:\/\/ecoliteracy.zerdawebsolutions.ie\/wp-content\/uploads\/b6b1042f-c703-4da4-b314-e0cb0fe77240-high.jpg 1372w\" sizes=\"auto, (max-width: 768px) 100vw, 768px\" \/>            <\/div>\n            <div class=\"blog-post-content\">\n                <h2 class=\"blog-post-title\">\n                    <a href=\"https:\/\/ecoliteracy.zerdawebsolutions.ie\/hu\/building-a-sustainable-future-with-young-people\/\">Building a sustainable future with young people<\/a>\n                <\/h2>\n                <div class=\"blog-post-excerpt\"><p>Education plays a key role in sustainability \u2013 not only in shaping awareness but in driving real transformation.\u00a0 The article highlights how reconnecting with nature and ourselves can become part of education and help young people build a life-sustaining society.<\/p>\n<\/div>\n                <a href=\"https:\/\/ecoliteracy.zerdawebsolutions.ie\/hu\/building-a-sustainable-future-with-young-people\/\" class=\"blog-post-readmore\">Read More<\/a>\n            <\/div>\n        <\/div>\n                <div class=\"blog-post-entry\">\n            <div class=\"blog-post-image\">\n                <img decoding=\"async\" loading=\"lazy\" width=\"768\" height=\"356\" src=\"https:\/\/ecoliteracy.zerdawebsolutions.ie\/wp-content\/uploads\/learning-activities-hero-image-768x356.webp\" class=\"wp-image-686 avia-img-lazy-loading-686 attachment-medium_large size-medium_large wp-post-image\" alt=\"\" srcset=\"https:\/\/ecoliteracy.zerdawebsolutions.ie\/wp-content\/uploads\/learning-activities-hero-image-768x356.webp 768w, https:\/\/ecoliteracy.zerdawebsolutions.ie\/wp-content\/uploads\/learning-activities-hero-image-300x139.webp 300w, https:\/\/ecoliteracy.zerdawebsolutions.ie\/wp-content\/uploads\/learning-activities-hero-image-705x326.webp 705w, https:\/\/ecoliteracy.zerdawebsolutions.ie\/wp-content\/uploads\/learning-activities-hero-image.webp 944w\" sizes=\"auto, (max-width: 768px) 100vw, 768px\" \/>            <\/div>\n            <div class=\"blog-post-content\">\n                <h2 class=\"blog-post-title\">\n                    <a href=\"https:\/\/ecoliteracy.zerdawebsolutions.ie\/hu\/ecoliteracy-competencies-of-the-present-and-the-future\/\">Ecoliteracy \u2013 Fundamental Competences for the Present and the Future<\/a>\n                <\/h2>\n                <div class=\"blog-post-excerpt\"><p>We believe that education is the key to an ecologically conscious and thriving future. In this article, you can read about what ecoliteracy actually means and why we find it crucial to talk about.<\/p>\n<\/div>\n                <a href=\"https:\/\/ecoliteracy.zerdawebsolutions.ie\/hu\/ecoliteracy-competencies-of-the-present-and-the-future\/\" class=\"blog-post-readmore\">Read More<\/a>\n            <\/div>\n        <\/div>\n                <div class=\"blog-post-entry\">\n            <div class=\"blog-post-image\">\n                <img decoding=\"async\" loading=\"lazy\" width=\"706\" height=\"358\" src=\"https:\/\/ecoliteracy.zerdawebsolutions.ie\/wp-content\/uploads\/Kepernyokep-2025-11-03-174240.png\" class=\"wp-image-3305 avia-img-lazy-loading-3305 attachment-medium_large size-medium_large wp-post-image\" alt=\"\" srcset=\"https:\/\/ecoliteracy.zerdawebsolutions.ie\/wp-content\/uploads\/Kepernyokep-2025-11-03-174240.png 706w, https:\/\/ecoliteracy.zerdawebsolutions.ie\/wp-content\/uploads\/Kepernyokep-2025-11-03-174240-300x152.png 300w\" sizes=\"auto, (max-width: 706px) 100vw, 706px\" \/>            <\/div>\n            <div class=\"blog-post-content\">\n                <h2 class=\"blog-post-title\">\n                    <a href=\"https:\/\/ecoliteracy.zerdawebsolutions.ie\/hu\/cultivating-ecoliteracy-across-europe-our-journey\/\">Cultivating Ecoliteracy across Europe: our journey<\/a>\n                <\/h2>\n                <div class=\"blog-post-excerpt\"><p>Ten years of collaboration, learning, and designing The Ecoliteracy Hub to promote ecoliteracy across Europe.<\/p>\n<\/div>\n                <a href=\"https:\/\/ecoliteracy.zerdawebsolutions.ie\/hu\/cultivating-ecoliteracy-across-europe-our-journey\/\" class=\"blog-post-readmore\">Read More<\/a>\n            <\/div>\n        <\/div>\n            <\/div>\n    \n<\/div><\/section>","protected":false},"excerpt":{"rendered":"","protected":false},"author":1,"featured_media":0,"parent":0,"menu_order":0,"comment_status":"closed","ping_status":"closed","template":"","meta":{"_acf_changed":false,"footnotes":""},"class_list":["post-935","page","type-page","status-publish","hentry"],"acf":[],"yoast_head":"<!-- This site is optimized with the Yoast SEO plugin v27.4 - https:\/\/yoast.com\/product\/yoast-seo-wordpress\/ -->\n<title>News - The Ecoliteracy Hub<\/title>\n<meta name=\"robots\" content=\"index, follow, max-snippet:-1, max-image-preview:large, max-video-preview:-1\" \/>\n<link rel=\"canonical\" href=\"https:\/\/ecoliteracy.zerdawebsolutions.ie\/hu\/news\/\" \/>\n<meta property=\"og:locale\" content=\"hu_HU\" \/>\n<meta property=\"og:type\" content=\"article\" \/>\n<meta property=\"og:title\" content=\"News - The Ecoliteracy Hub\" \/>\n<meta property=\"og:url\" content=\"https:\/\/ecoliteracy.zerdawebsolutions.ie\/hu\/news\/\" \/>\n<meta property=\"og:site_name\" content=\"The Ecoliteracy Hub\" \/>\n<meta property=\"article:modified_time\" content=\"2025-11-28T17:14:37+00:00\" \/>\n<meta name=\"twitter:card\" content=\"summary_large_image\" \/>\n<meta name=\"twitter:label1\" content=\"Becs\u00fclt olvas\u00e1si id\u0151\" \/>\n\t<meta name=\"twitter:data1\" content=\"5 perc\" \/>\n<script type=\"application\/ld+json\" class=\"yoast-schema-graph\">{\"@context\":\"https:\\\/\\\/schema.org\",\"@graph\":[{\"@type\":\"WebPage\",\"@id\":\"https:\\\/\\\/ecoliteracy.zerdawebsolutions.ie\\\/news\\\/\",\"url\":\"https:\\\/\\\/ecoliteracy.zerdawebsolutions.ie\\\/news\\\/\",\"name\":\"News - The Ecoliteracy Hub\",\"isPartOf\":{\"@id\":\"https:\\\/\\\/ecoliteracy.zerdawebsolutions.ie\\\/#website\"},\"datePublished\":\"2025-05-06T09:26:35+00:00\",\"dateModified\":\"2025-11-28T17:14:37+00:00\",\"breadcrumb\":{\"@id\":\"https:\\\/\\\/ecoliteracy.zerdawebsolutions.ie\\\/news\\\/#breadcrumb\"},\"inLanguage\":\"hu\",\"potentialAction\":[{\"@type\":\"ReadAction\",\"target\":[\"https:\\\/\\\/ecoliteracy.zerdawebsolutions.ie\\\/news\\\/\"]}]},{\"@type\":\"BreadcrumbList\",\"@id\":\"https:\\\/\\\/ecoliteracy.zerdawebsolutions.ie\\\/news\\\/#breadcrumb\",\"itemListElement\":[{\"@type\":\"ListItem\",\"position\":1,\"name\":\"Home\",\"item\":\"https:\\\/\\\/ecoliteracy.zerdawebsolutions.ie\\\/\"},{\"@type\":\"ListItem\",\"position\":2,\"name\":\"News\"}]},{\"@type\":\"WebSite\",\"@id\":\"https:\\\/\\\/ecoliteracy.zerdawebsolutions.ie\\\/#website\",\"url\":\"https:\\\/\\\/ecoliteracy.zerdawebsolutions.ie\\\/\",\"name\":\"The Ecoliteracy Hub\",\"description\":\"Empowering Educators for a Sustainable Future\",\"potentialAction\":[{\"@type\":\"SearchAction\",\"target\":{\"@type\":\"EntryPoint\",\"urlTemplate\":\"https:\\\/\\\/ecoliteracy.zerdawebsolutions.ie\\\/?s={search_term_string}\"},\"query-input\":{\"@type\":\"PropertyValueSpecification\",\"valueRequired\":true,\"valueName\":\"search_term_string\"}}],\"inLanguage\":\"hu\"}]}<\/script>\n<!-- \/ Yoast SEO plugin. -->","yoast_head_json":{"title":"News - The Ecoliteracy Hub","robots":{"index":"index","follow":"follow","max-snippet":"max-snippet:-1","max-image-preview":"max-image-preview:large","max-video-preview":"max-video-preview:-1"},"canonical":"https:\/\/ecoliteracy.zerdawebsolutions.ie\/hu\/news\/","og_locale":"hu_HU","og_type":"article","og_title":"News - The Ecoliteracy Hub","og_url":"https:\/\/ecoliteracy.zerdawebsolutions.ie\/hu\/news\/","og_site_name":"The Ecoliteracy Hub","article_modified_time":"2025-11-28T17:14:37+00:00","twitter_card":"summary_large_image","twitter_misc":{"Becs\u00fclt olvas\u00e1si id\u0151":"5 perc"},"schema":{"@context":"https:\/\/schema.org","@graph":[{"@type":"WebPage","@id":"https:\/\/ecoliteracy.zerdawebsolutions.ie\/news\/","url":"https:\/\/ecoliteracy.zerdawebsolutions.ie\/news\/","name":"News - The Ecoliteracy Hub","isPartOf":{"@id":"https:\/\/ecoliteracy.zerdawebsolutions.ie\/#website"},"datePublished":"2025-05-06T09:26:35+00:00","dateModified":"2025-11-28T17:14:37+00:00","breadcrumb":{"@id":"https:\/\/ecoliteracy.zerdawebsolutions.ie\/news\/#breadcrumb"},"inLanguage":"hu","potentialAction":[{"@type":"ReadAction","target":["https:\/\/ecoliteracy.zerdawebsolutions.ie\/news\/"]}]},{"@type":"BreadcrumbList","@id":"https:\/\/ecoliteracy.zerdawebsolutions.ie\/news\/#breadcrumb","itemListElement":[{"@type":"ListItem","position":1,"name":"Home","item":"https:\/\/ecoliteracy.zerdawebsolutions.ie\/"},{"@type":"ListItem","position":2,"name":"News"}]},{"@type":"WebSite","@id":"https:\/\/ecoliteracy.zerdawebsolutions.ie\/#website","url":"https:\/\/ecoliteracy.zerdawebsolutions.ie\/","name":"The Ecoliteracy Hub","description":"Az \u00f6kotudatos oktat\u00e1s erej\u00e9vel a fenntarthat\u00f3 j\u00f6v\u0151\u00e9rt","potentialAction":[{"@type":"SearchAction","target":{"@type":"EntryPoint","urlTemplate":"https:\/\/ecoliteracy.zerdawebsolutions.ie\/?s={search_term_string}"},"query-input":{"@type":"PropertyValueSpecification","valueRequired":true,"valueName":"search_term_string"}}],"inLanguage":"hu"}]}},"_links":{"self":[{"href":"https:\/\/ecoliteracy.zerdawebsolutions.ie\/hu\/wp-json\/wp\/v2\/pages\/935","targetHints":{"allow":["GET"]}}],"collection":[{"href":"https:\/\/ecoliteracy.zerdawebsolutions.ie\/hu\/wp-json\/wp\/v2\/pages"}],"about":[{"href":"https:\/\/ecoliteracy.zerdawebsolutions.ie\/hu\/wp-json\/wp\/v2\/types\/page"}],"author":[{"embeddable":true,"href":"https:\/\/ecoliteracy.zerdawebsolutions.ie\/hu\/wp-json\/wp\/v2\/users\/1"}],"replies":[{"embeddable":true,"href":"https:\/\/ecoliteracy.zerdawebsolutions.ie\/hu\/wp-json\/wp\/v2\/comments?post=935"}],"version-history":[{"count":30,"href":"https:\/\/ecoliteracy.zerdawebsolutions.ie\/hu\/wp-json\/wp\/v2\/pages\/935\/revisions"}],"predecessor-version":[{"id":3587,"href":"https:\/\/ecoliteracy.zerdawebsolutions.ie\/hu\/wp-json\/wp\/v2\/pages\/935\/revisions\/3587"}],"wp:attachment":[{"href":"https:\/\/ecoliteracy.zerdawebsolutions.ie\/hu\/wp-json\/wp\/v2\/media?parent=935"}],"curies":[{"name":"wp","href":"https:\/\/api.w.org\/{rel}","templated":true}]}}