{"id":188,"date":"2025-03-24T14:02:37","date_gmt":"2025-03-24T14:02:37","guid":{"rendered":"https:\/\/ecoliteracy.zerdawebsolutions.ie\/?page_id=188"},"modified":"2025-12-03T09:41:36","modified_gmt":"2025-12-03T09:41:36","slug":"podcasts","status":"publish","type":"page","link":"https:\/\/ecoliteracy.zerdawebsolutions.ie\/hu\/resource-library\/podcasts\/","title":{"rendered":"Podcasts"},"content":{"rendered":"<style type=\"text\/css\" data-created_by=\"avia_inline_auto\" id=\"style-css-av-2axx78-1c623c2cb3822ac3b85d7fc89d443560\">\n.avia-section.av-2axx78-1c623c2cb3822ac3b85d7fc89d443560{\nbackground-color:#ffffff;\nbackground-image:unset;\n}\n<\/style>\n<div id='av_section_1'  class='avia-section av-2axx78-1c623c2cb3822ac3b85d7fc89d443560 main_color avia-section-default avia-no-border-styling  avia-builder-el-0  el_before_av_heading  avia-builder-el-first  avia-bg-style-scroll container_wrap fullsize'  ><div class='container av-section-cont-open' ><main  role=\"main\" itemprop=\"mainContentOfPage\"  class='template-page content  av-content-full alpha units'><div class='post-entry post-entry-type-page post-entry-188'><div class='entry-content-wrapper clearfix'>\n<div class='flex_column_table av-23fxak-228c0dcf83576b24f763ecdab3e0b949 sc-av_two_third av-equal-height-column-flextable'>\n<style type=\"text\/css\" data-created_by=\"avia_inline_auto\" id=\"style-css-av-23fxak-228c0dcf83576b24f763ecdab3e0b949\">\n.flex_column.av-23fxak-228c0dcf83576b24f763ecdab3e0b949{\npadding:40px 30px 0px 50px;\nbackground-color:#ebebeb;\n}\n<\/style>\n<div  class='flex_column av-23fxak-228c0dcf83576b24f763ecdab3e0b949 av_two_third  avia-builder-el-1  el_before_av_one_third  avia-builder-el-first  first flex_column_table_cell av-equal-height-column av-align-top'     ><style type=\"text\/css\" data-created_by=\"avia_inline_auto\" id=\"style-css-av-madp2naf-8e8084adc0d1a7a63c684fec297dddad\">\n#top .av-special-heading.av-madp2naf-8e8084adc0d1a7a63c684fec297dddad{\npadding-bottom:0;\ncolor:#0d4b56;\n}\nbody .av-special-heading.av-madp2naf-8e8084adc0d1a7a63c684fec297dddad .av-special-heading-tag .heading-char{\nfont-size:25px;\n}\n.av-special-heading.av-madp2naf-8e8084adc0d1a7a63c684fec297dddad .special-heading-inner-border{\nborder-color:#0d4b56;\n}\n.av-special-heading.av-madp2naf-8e8084adc0d1a7a63c684fec297dddad .av-subheading{\nfont-size:15px;\n}\n<\/style>\n<div  class='av-special-heading av-madp2naf-8e8084adc0d1a7a63c684fec297dddad av-special-heading-h3 custom-color-heading blockquote modern-quote  avia-builder-el-2  avia-builder-el-no-sibling  learning-activities-header'><h3 class='av-special-heading-tag'  itemprop=\"headline\"  >PODCASTS<\/h3><div class=\"special-heading-border\"><div class=\"special-heading-inner-border\"><\/div><\/div><\/div><\/div><div class='av-flex-placeholder'><\/div><div  class='flex_column av-1x6jv8-33889958530d4f010f3bc0c2991670cb av_one_third  avia-builder-el-3  el_after_av_two_third  el_before_av_one_half  flex_column_table_cell av-equal-height-column av-align-top'     ><\/div><\/div><!--close column table wrapper. Autoclose: 1 --><div class='av-column-wrapper-individual av-break-at-tablet-flexwrapper av-mobile-columns-flex av-columns-reverse'>\n<style type=\"text\/css\" data-created_by=\"avia_inline_auto\" id=\"style-css-av-1pushw-39f7213ea821755f79302ab87a5979ee\">\n#top .flex_column.av-1pushw-39f7213ea821755f79302ab87a5979ee{\nmargin-top:0px;\nmargin-bottom:0px;\n}\n.flex_column.av-1pushw-39f7213ea821755f79302ab87a5979ee{\npadding:40px 40px 20px 50px;\nbackground-color:#ebebeb;\n}\n.responsive #top #wrap_all .flex_column.av-1pushw-39f7213ea821755f79302ab87a5979ee{\nmargin-top:0px;\nmargin-bottom:0px;\n}\n<\/style>\n<div  class='flex_column av-1pushw-39f7213ea821755f79302ab87a5979ee av_one_half  avia-builder-el-4  el_after_av_one_third  el_before_av_one_half  first no_margin av-break-at-tablet flex_column_div  column-top-margin'     ><section  class='av_textblock_section av-1koj90-c620f75bfcb823f5179b417af7eab9b6'   itemscope=\"itemscope\" itemtype=\"https:\/\/schema.org\/CreativeWork\" ><div class='avia_textblock'  itemprop=\"text\" ><p><span style=\"font-weight: 400;\">\u201c<\/span>Green Minds: The Journey Towards Ecoliteracy\u201d is an engaging podcast series featuring eight episodes that explore insightful conversations with educational experts on developing eco-competences. Throughout the series, we explore the critical importance of developing eco-competences and examine how these professionals integrate eco-competence development in their practices.<\/p>\n<p><span style=\"font-weight: 400;\">Tune in to gain valuable insights and inspiration as we launch these episodes towards the end of 2025!<\/span><\/p>\n<\/div><\/section><\/div>\n<style type=\"text\/css\" data-created_by=\"avia_inline_auto\" id=\"style-css-av-4y46k-285f234d32c2e198da4240e899d3357f\">\n#top .flex_column.av-4y46k-285f234d32c2e198da4240e899d3357f{\nmargin-top:0px;\nmargin-bottom:0px;\n}\n.flex_column.av-4y46k-285f234d32c2e198da4240e899d3357f{\npadding:0px 0 0 0px;\n}\n.responsive #top #wrap_all .flex_column.av-4y46k-285f234d32c2e198da4240e899d3357f{\nmargin-top:0px;\nmargin-bottom:0px;\n}\n<\/style>\n<div  class='flex_column av-4y46k-285f234d32c2e198da4240e899d3357f av_one_half  avia-builder-el-6  el_after_av_one_half  avia-builder-el-last  no_margin av-break-at-tablet flex_column_div  column-top-margin'     ><style type=\"text\/css\" data-created_by=\"avia_inline_auto\" id=\"style-css-av-173lec-fde8655221f91e6f29691bae8f6ed7f7\">\n.avia-image-container.av-173lec-fde8655221f91e6f29691bae8f6ed7f7 img.avia_image{\nbox-shadow:none;\n}\n.avia-image-container.av-173lec-fde8655221f91e6f29691bae8f6ed7f7 .av-image-caption-overlay-center{\ncolor:#ffffff;\n}\n<\/style>\n<div  class='avia-image-container av-173lec-fde8655221f91e6f29691bae8f6ed7f7 av-styling- avia-align-center  avia-builder-el-7  avia-builder-el-no-sibling'   itemprop=\"image\" itemscope=\"itemscope\" itemtype=\"https:\/\/schema.org\/ImageObject\" ><div class=\"avia-image-container-inner\"><div class=\"avia-image-overlay-wrap\"><img decoding=\"async\" fetchpriority=\"high\" class='wp-image-2512 avia-img-lazy-loading-not-2512 avia_image' src=\"https:\/\/ecoliteracy.zerdawebsolutions.ie\/wp-content\/uploads\/podcasts-resourses-1.jpg\" alt='' title='podcasts---resourses'  height=\"594\" width=\"890\"  itemprop=\"thumbnailUrl\" srcset=\"https:\/\/ecoliteracy.zerdawebsolutions.ie\/wp-content\/uploads\/podcasts-resourses-1.jpg 890w, https:\/\/ecoliteracy.zerdawebsolutions.ie\/wp-content\/uploads\/podcasts-resourses-1-300x200.jpg 300w, https:\/\/ecoliteracy.zerdawebsolutions.ie\/wp-content\/uploads\/podcasts-resourses-1-768x513.jpg 768w, https:\/\/ecoliteracy.zerdawebsolutions.ie\/wp-content\/uploads\/podcasts-resourses-1-705x471.jpg 705w\" sizes=\"(max-width: 890px) 100vw, 890px\" \/><\/div><\/div><\/div><\/div><\/div><!--close flex column wrapper. Autoclose: 1 -->\n<\/div><\/div><\/main><!-- close content main element --><\/div><\/div><div id='after_section_1'  class='main_color av_default_container_wrap container_wrap fullsize'  ><div class='container av-section-cont-open' ><div class='template-page content  av-content-full alpha units'><div class='post-entry post-entry-type-page post-entry-188'><div class='entry-content-wrapper clearfix'>\n\n<style type=\"text\/css\" data-created_by=\"avia_inline_auto\" id=\"style-css-av-2mq39g-2f9feafca4f4aca6e2884252272a5888\">\n#top .av-special-heading.av-2mq39g-2f9feafca4f4aca6e2884252272a5888{\npadding-bottom:20px;\n}\nbody .av-special-heading.av-2mq39g-2f9feafca4f4aca6e2884252272a5888 .av-special-heading-tag .heading-char{\nfont-size:25px;\n}\n.av-special-heading.av-2mq39g-2f9feafca4f4aca6e2884252272a5888 .av-subheading{\nfont-size:15px;\n}\n<\/style>\n<div  class='av-special-heading av-2mq39g-2f9feafca4f4aca6e2884252272a5888 av-special-heading-h5 blockquote modern-quote  avia-builder-el-8  el_after_av_section  el_before_av_textblock  avia-builder-el-first'><h5 class='av-special-heading-tag'  itemprop=\"headline\"  >Green Minds &#8211; The Journey Towards Ecoliteracy<\/h5><div class=\"special-heading-border\"><div class=\"special-heading-inner-border\"><\/div><\/div><\/div>\n<section  class='av_textblock_section av-minc2rtq-aa75b409d319aa03a69170c79e16ac6d'   itemscope=\"itemscope\" itemtype=\"https:\/\/schema.org\/CreativeWork\" ><div class='avia_textblock'  itemprop=\"text\" ><p><span style=\"font-weight: 400;\">Do you want to explore eco-competences together with practitioners and professionals who have been working in this field for many years?<\/span><\/p>\n<p><span style=\"font-weight: 400;\">Join us as we dive deeper into how people develop these competences, what you can do to strengthen your own ecoliteracy, and how you can support your students or participants on this journey. Each episode features in-depth interviews, real-life stories, and practical tools you can start applying right away. Green Minds is designed for educators, youth workers, and anyone eager to build a more ecologically conscious mindset.<\/span><\/p>\n<p><span style=\"font-weight: 400;\">This year, every episode is dedicated to one eco-competence \u2014 such as exploratory thinking, holistic awareness, promoting nature connection, degrowth perspectives, and many more. Come along, enjoy our conversations, and get inspired by insightful discussions with remarkable experts.<\/span><\/p>\n<p><span style=\"font-weight: 400;\">The podcast series is part of an Erasmus+ partnership dedicated to promoting ecological thinking across learning environments in Europe.<\/span><\/p>\n<\/div><\/section>\n<\/div><\/div><\/div><!-- close content main div --><\/div><\/div>\n<style type=\"text\/css\" data-created_by=\"avia_inline_auto\" id=\"style-css-av-madp5n9g-ba7ff439656582718350425afae38774\">\n.avia-section.av-madp5n9g-ba7ff439656582718350425afae38774{\nbackground-color:#ffffff;\nbackground-image:unset;\n}\n<\/style>\n<div id='av_section_2'  class='avia-section av-madp5n9g-ba7ff439656582718350425afae38774 main_color avia-section-default avia-no-border-styling  avia-builder-el-10  el_after_av_textblock  avia-builder-el-last  avia-bg-style-scroll container_wrap fullsize'  ><div class='container av-section-cont-open' ><div class='template-page content  av-content-full alpha units'><div class='post-entry post-entry-type-page post-entry-188'><div class='entry-content-wrapper clearfix'>\n\n<style type=\"text\/css\" data-created_by=\"avia_inline_auto\" id=\"style-css-av-mamjyctf-c6e249d99d56f316021eda55ca613ba3\">\n.flex_column.av-mamjyctf-c6e249d99d56f316021eda55ca613ba3{\nborder-radius:20px 20px 20px 20px;\npadding:0px 0px 0px 0px;\nbackground-color:#ebebeb;\n}\n<\/style>\n<div  class='flex_column av-mamjyctf-c6e249d99d56f316021eda55ca613ba3 av_one_half  avia-builder-el-11  avia-builder-el-no-sibling  first flex_column_div av-zero-column-padding'     ><p>\n<style type=\"text\/css\" data-created_by=\"avia_inline_auto\" id=\"style-css-av-minc2e3d-3d56cb4f99a8813715972c4030b2cef1\">\n#top .av-special-heading.av-minc2e3d-3d56cb4f99a8813715972c4030b2cef1{\npadding-bottom:10px;\n}\nbody .av-special-heading.av-minc2e3d-3d56cb4f99a8813715972c4030b2cef1 .av-special-heading-tag .heading-char{\nfont-size:25px;\n}\n#top #wrap_all .av-special-heading.av-minc2e3d-3d56cb4f99a8813715972c4030b2cef1 .av-special-heading-tag{\npadding:40px 40px 10px 40px;\n}\n.av-special-heading.av-minc2e3d-3d56cb4f99a8813715972c4030b2cef1 .av-subheading{\nfont-size:15px;\n}\n<\/style>\n<div  class='av-special-heading av-minc2e3d-3d56cb4f99a8813715972c4030b2cef1 av-special-heading-h5 blockquote modern-quote  avia-builder-el-12  el_before_av_textblock  avia-builder-el-first'><h5 class='av-special-heading-tag'  itemprop=\"headline\"  >Lorem ipsum<\/h5><div class=\"special-heading-border\"><div class=\"special-heading-inner-border\"><\/div><\/div><\/div><br \/>\n<section  class='av_textblock_section av-2cepnw-abd3791bfeab7d9abfd8ffbe4828f8cd'   itemscope=\"itemscope\" itemtype=\"https:\/\/schema.org\/CreativeWork\" ><div class='avia_textblock podcast-text-block'  itemprop=\"text\" ><p>lorem ipsum<\/p>\n<\/div><\/section><br \/>\n<\/p><\/div>","protected":false},"excerpt":{"rendered":"","protected":false},"author":1,"featured_media":0,"parent":124,"menu_order":0,"comment_status":"closed","ping_status":"closed","template":"","meta":{"_acf_changed":false,"footnotes":""},"class_list":["post-188","page","type-page","status-publish","hentry"],"acf":[],"yoast_head":"<!-- This site is optimized with the Yoast SEO plugin v27.4 - https:\/\/yoast.com\/product\/yoast-seo-wordpress\/ -->\n<title>Podcasts - The Ecoliteracy Hub<\/title>\n<meta name=\"robots\" content=\"index, follow, max-snippet:-1, max-image-preview:large, max-video-preview:-1\" \/>\n<link rel=\"canonical\" href=\"https:\/\/ecoliteracy.zerdawebsolutions.ie\/hu\/resource-library\/podcasts\/\" \/>\n<meta property=\"og:locale\" content=\"hu_HU\" \/>\n<meta property=\"og:type\" content=\"article\" \/>\n<meta property=\"og:title\" content=\"Podcasts - The Ecoliteracy Hub\" \/>\n<meta property=\"og:url\" content=\"https:\/\/ecoliteracy.zerdawebsolutions.ie\/hu\/resource-library\/podcasts\/\" \/>\n<meta property=\"og:site_name\" content=\"The Ecoliteracy Hub\" \/>\n<meta property=\"article:modified_time\" content=\"2025-12-03T09:41:36+00:00\" \/>\n<meta name=\"twitter:card\" content=\"summary_large_image\" \/>\n<meta name=\"twitter:label1\" content=\"Becs\u00fclt olvas\u00e1si id\u0151\" \/>\n\t<meta name=\"twitter:data1\" content=\"2 perc\" \/>\n<script type=\"application\/ld+json\" class=\"yoast-schema-graph\">{\"@context\":\"https:\\\/\\\/schema.org\",\"@graph\":[{\"@type\":\"WebPage\",\"@id\":\"https:\\\/\\\/ecoliteracy.zerdawebsolutions.ie\\\/resource-library\\\/podcasts\\\/\",\"url\":\"https:\\\/\\\/ecoliteracy.zerdawebsolutions.ie\\\/resource-library\\\/podcasts\\\/\",\"name\":\"Podcasts - The Ecoliteracy Hub\",\"isPartOf\":{\"@id\":\"https:\\\/\\\/ecoliteracy.zerdawebsolutions.ie\\\/#website\"},\"datePublished\":\"2025-03-24T14:02:37+00:00\",\"dateModified\":\"2025-12-03T09:41:36+00:00\",\"breadcrumb\":{\"@id\":\"https:\\\/\\\/ecoliteracy.zerdawebsolutions.ie\\\/resource-library\\\/podcasts\\\/#breadcrumb\"},\"inLanguage\":\"hu\",\"potentialAction\":[{\"@type\":\"ReadAction\",\"target\":[\"https:\\\/\\\/ecoliteracy.zerdawebsolutions.ie\\\/resource-library\\\/podcasts\\\/\"]}]},{\"@type\":\"BreadcrumbList\",\"@id\":\"https:\\\/\\\/ecoliteracy.zerdawebsolutions.ie\\\/resource-library\\\/podcasts\\\/#breadcrumb\",\"itemListElement\":[{\"@type\":\"ListItem\",\"position\":1,\"name\":\"Home\",\"item\":\"https:\\\/\\\/ecoliteracy.zerdawebsolutions.ie\\\/\"},{\"@type\":\"ListItem\",\"position\":2,\"name\":\"Resources\",\"item\":\"https:\\\/\\\/ecoliteracy.zerdawebsolutions.ie\\\/resource-library\\\/\"},{\"@type\":\"ListItem\",\"position\":3,\"name\":\"Podcasts\"}]},{\"@type\":\"WebSite\",\"@id\":\"https:\\\/\\\/ecoliteracy.zerdawebsolutions.ie\\\/#website\",\"url\":\"https:\\\/\\\/ecoliteracy.zerdawebsolutions.ie\\\/\",\"name\":\"The Ecoliteracy Hub\",\"description\":\"Empowering Educators for a Sustainable Future\",\"potentialAction\":[{\"@type\":\"SearchAction\",\"target\":{\"@type\":\"EntryPoint\",\"urlTemplate\":\"https:\\\/\\\/ecoliteracy.zerdawebsolutions.ie\\\/?s={search_term_string}\"},\"query-input\":{\"@type\":\"PropertyValueSpecification\",\"valueRequired\":true,\"valueName\":\"search_term_string\"}}],\"inLanguage\":\"hu\"}]}<\/script>\n<!-- \/ Yoast SEO plugin. -->","yoast_head_json":{"title":"Podcasts - The Ecoliteracy Hub","robots":{"index":"index","follow":"follow","max-snippet":"max-snippet:-1","max-image-preview":"max-image-preview:large","max-video-preview":"max-video-preview:-1"},"canonical":"https:\/\/ecoliteracy.zerdawebsolutions.ie\/hu\/resource-library\/podcasts\/","og_locale":"hu_HU","og_type":"article","og_title":"Podcasts - The Ecoliteracy Hub","og_url":"https:\/\/ecoliteracy.zerdawebsolutions.ie\/hu\/resource-library\/podcasts\/","og_site_name":"The Ecoliteracy Hub","article_modified_time":"2025-12-03T09:41:36+00:00","twitter_card":"summary_large_image","twitter_misc":{"Becs\u00fclt olvas\u00e1si id\u0151":"2 perc"},"schema":{"@context":"https:\/\/schema.org","@graph":[{"@type":"WebPage","@id":"https:\/\/ecoliteracy.zerdawebsolutions.ie\/resource-library\/podcasts\/","url":"https:\/\/ecoliteracy.zerdawebsolutions.ie\/resource-library\/podcasts\/","name":"Podcasts - The Ecoliteracy Hub","isPartOf":{"@id":"https:\/\/ecoliteracy.zerdawebsolutions.ie\/#website"},"datePublished":"2025-03-24T14:02:37+00:00","dateModified":"2025-12-03T09:41:36+00:00","breadcrumb":{"@id":"https:\/\/ecoliteracy.zerdawebsolutions.ie\/resource-library\/podcasts\/#breadcrumb"},"inLanguage":"hu","potentialAction":[{"@type":"ReadAction","target":["https:\/\/ecoliteracy.zerdawebsolutions.ie\/resource-library\/podcasts\/"]}]},{"@type":"BreadcrumbList","@id":"https:\/\/ecoliteracy.zerdawebsolutions.ie\/resource-library\/podcasts\/#breadcrumb","itemListElement":[{"@type":"ListItem","position":1,"name":"Home","item":"https:\/\/ecoliteracy.zerdawebsolutions.ie\/"},{"@type":"ListItem","position":2,"name":"Resources","item":"https:\/\/ecoliteracy.zerdawebsolutions.ie\/resource-library\/"},{"@type":"ListItem","position":3,"name":"Podcasts"}]},{"@type":"WebSite","@id":"https:\/\/ecoliteracy.zerdawebsolutions.ie\/#website","url":"https:\/\/ecoliteracy.zerdawebsolutions.ie\/","name":"The Ecoliteracy Hub","description":"Az \u00f6kotudatos oktat\u00e1s erej\u00e9vel a fenntarthat\u00f3 j\u00f6v\u0151\u00e9rt","potentialAction":[{"@type":"SearchAction","target":{"@type":"EntryPoint","urlTemplate":"https:\/\/ecoliteracy.zerdawebsolutions.ie\/?s={search_term_string}"},"query-input":{"@type":"PropertyValueSpecification","valueRequired":true,"valueName":"search_term_string"}}],"inLanguage":"hu"}]}},"_links":{"self":[{"href":"https:\/\/ecoliteracy.zerdawebsolutions.ie\/hu\/wp-json\/wp\/v2\/pages\/188","targetHints":{"allow":["GET"]}}],"collection":[{"href":"https:\/\/ecoliteracy.zerdawebsolutions.ie\/hu\/wp-json\/wp\/v2\/pages"}],"about":[{"href":"https:\/\/ecoliteracy.zerdawebsolutions.ie\/hu\/wp-json\/wp\/v2\/types\/page"}],"author":[{"embeddable":true,"href":"https:\/\/ecoliteracy.zerdawebsolutions.ie\/hu\/wp-json\/wp\/v2\/users\/1"}],"replies":[{"embeddable":true,"href":"https:\/\/ecoliteracy.zerdawebsolutions.ie\/hu\/wp-json\/wp\/v2\/comments?post=188"}],"version-history":[{"count":56,"href":"https:\/\/ecoliteracy.zerdawebsolutions.ie\/hu\/wp-json\/wp\/v2\/pages\/188\/revisions"}],"predecessor-version":[{"id":3643,"href":"https:\/\/ecoliteracy.zerdawebsolutions.ie\/hu\/wp-json\/wp\/v2\/pages\/188\/revisions\/3643"}],"up":[{"embeddable":true,"href":"https:\/\/ecoliteracy.zerdawebsolutions.ie\/hu\/wp-json\/wp\/v2\/pages\/124"}],"wp:attachment":[{"href":"https:\/\/ecoliteracy.zerdawebsolutions.ie\/hu\/wp-json\/wp\/v2\/media?parent=188"}],"curies":[{"name":"wp","href":"https:\/\/api.w.org\/{rel}","templated":true}]}}